{"id":292,"date":"2022-09-30T13:44:00","date_gmt":"2022-09-30T11:44:00","guid":{"rendered":"https:\/\/www.higuerondreamhomes.com\/aviso-legal\/"},"modified":"2024-06-20T08:48:20","modified_gmt":"2024-06-20T06:48:20","slug":"aviso-legal","status":"publish","type":"page","link":"https:\/\/www.higuerondreamhomes.com\/es\/aviso-legal\/","title":{"rendered":"Aviso legal"},"content":{"rendered":"<section class=\"l-section wpb_row height_medium\"><div class=\"l-section-h i-cf\"><div class=\"g-cols vc_row via_flex valign_top type_default stacking_default\"><div class=\"vc_col-sm-12 wpb_column vc_column_container\"><div class=\"vc_column-inner\"><div class=\"wpb_wrapper\">[vc_custom_heading text=\u00bbAviso legal\u00bb font_container=\u00bbtag:h1|text_align:left\u00bb use_theme_fonts=\u00bbyes\u00bb]<div class=\"wpb_text_column\"><div class=\"wpb_wrapper\"><p>En cumplimiento de lo establecido en la Ley 34\/2002, de 11 de julio, de Servicios de la Sociedad de la Informaci\u00f3n y Comercio Electr\u00f3nico (LSSICE), a continuaci\u00f3n se indican los datos de informaci\u00f3n general del sitio web <a href=\"https:\/\/www.higuerondreamhomes.com\/es\/\">https:\/\/www.higuerondreamhomes.com\/<\/a>.<\/p>\n<h2>1. Entidad<\/h2>\n<p><strong>CRITICAL EXPANSION S.L.<\/strong><br \/>\nCIF: B93129088<br \/>\nTel\u00e9fono: +34695038286<br \/>\nDirecci\u00f3n: Calle D\u00e1til n\u00ba3, 4\u00baA 29631 Arroyo de la Miel \u2013 Benalm\u00e1dena, M\u00e1laga<br \/>\nEmail: administracion@tuinversioninmobiliaria.com<\/p>\n<h2>2. Uso del sitio web<\/h2>\n<p>El sitio web se ofrece con fines promocionales, informando de los distintos servicios que ofrece CRITICAL EXPANSION S.L., empresa dedicada a la prestaci\u00f3n de servicios inmobiliarios y Real State.<\/p>\n<p>CRITICAL EXPANSION S.L., podr\u00e1 dejar de prestar los servicios de informaci\u00f3n ofrecidos en este sitio web sin mediar comunicaci\u00f3n alguna con el usuario, lo que no conllevar\u00e1 ninguna obligaci\u00f3n legal para con el usuario o terceros.<\/p>\n<h2>3. Privacidad<\/h2>\n<p>Los datos que CRITICAL EXPANSION S.L. pueda recabar de los usuarios de este sitio web ser\u00e1n utilizados exclusivamente para facilitar informaci\u00f3n a los interesados que as\u00ed lo soliciten y\/o para responder a las consultas que el usuario considere oportunas.<\/p>\n<p>Para m\u00e1s informaci\u00f3n, consulte nuestra Pol\u00edtica de privacidad.<\/p>\n<h2>4. Enlaces a terceros<\/h2>\n<p>En el caso de enlaces a sitios de terceros, el usuario se regir\u00e1 por las Condiciones de Uso y Pol\u00edtica de Privacidad del nuevo sitio, aceptando que CRITICAL EXPANSION S.L., no ser\u00e1 responsable del uso de dichos sitios.<\/p>\n<h2>5. Propiedad intelectual<\/h2>\n<p>CRITICAL EXPANSION S.L., por s\u00ed o como cesionaria o licenciataria, es titular de todos los derechos de propiedad intelectual e industrial de los elementos que integran este sitio web, quedando reservados todos los derechos sobre los mismos. Quedan expresamente prohibidas, en virtud de lo dispuesto en los art\u00edculos 8 y 21 de la Ley de Propiedad Intelectual, la reproducci\u00f3n, distribuci\u00f3n y comunicaci\u00f3n p\u00fablica, incluida su modalidad de puesta a disposici\u00f3n, de la totalidad o parte de los contenidos de esta p\u00e1gina web, con fines comerciales.<\/p>\n<p>El usuario del sitio web podr\u00e1, en todo caso, visualizar los elementos y contenidos del mismo e incluso imprimirlos, almacenarlos e incluso copiarlos en cualquier soporte, siempre que sea para su uso estrictamente personal y privado.<\/p>\n<h2>6. Condiciones de uso y responsabilidad<\/h2>\n<p>El usuario del sitio web de CRITICAL EXPANSION S.L. se compromete a utilizarlo de conformidad con la ley, la moral y el orden p\u00fablico.<\/p>\n<p>Que podemos especificar en los siguientes comportamientos que el usuario debe abstenerse:<\/p>\n<p>Uso no autorizado o fraudulento del sitio web.<br \/>\nIntento de acceso no autorizado por su leg\u00edtimo propietario.<br \/>\nCualquier utilizaci\u00f3n del sitio web con fines il\u00edcitos, o lesivos para terceros o con la intenci\u00f3n de perjudicar al sitio y a los dem\u00e1s usuarios del mismo.<br \/>\nProducir cualquier da\u00f1o en los sistemas que este sitio web pueda tener instalados para su funcionamiento.<\/p>\n<p>El titular de CRITICAL EXPANSION S.L., s\u00f3lo ser\u00e1 responsable de aquellos contenidos creados y a\u00f1adidos por \u00e9l mismo, no as\u00ed de los enlaces que puedan incorporar terceros, ni de aquellos enlaces externos que redireccionen a otra web que ciertamente no controla su alteraci\u00f3n.<br \/>\nEl propietario se reserva el derecho de efectuar sin previo aviso las modificaciones que considere oportunas, tanto en su contenido como en los servicios que ofrece. Adem\u00e1s, se reserva el derecho de aprobar o eliminar contenidos a\u00f1adidos por terceros que no considere apropiados.<\/p>\n<h2>7. Modificaciones de las condiciones de uso<\/h2>\n<p>CRITICAL EXPANSION S.L., se reserva el derecho a modificar sus condiciones de uso y Pol\u00edtica de Privacidad cuando lo estime oportuno. El usuario est\u00e1 obligado a revisar el contenido de estas condiciones de uso, ya que pueden ser modificadas sin previo aviso. Asimismo, comprende y acepta todas y cada una de las cl\u00e1usulas contenidas en el presente documento. Es responsabilidad exclusiva del usuario revisar los t\u00e9rminos mencionados.<\/p>\n<h2>8. Ley aplicable y jurisdicci\u00f3n<\/h2>\n<p>La ley aplicable en caso de disputa o conflicto de interpretaci\u00f3n de los t\u00e9rminos que conforman este Aviso Legal, as\u00ed como cualquier cuesti\u00f3n relacionada con los servicios de este Portal, ser\u00e1 la ley espa\u00f1ola.<br \/>\nPara la resoluci\u00f3n de cualquier conflicto que pueda surgir con ocasi\u00f3n de la visita al Portal o del uso de los contenidos que en \u00e9l se puedan publicar, se estar\u00e1 a lo que dispongan los Juzgados y Tribunales correspondientes.<\/p>\n<\/div><\/div><\/div><\/div><\/div><\/div><\/div><\/section>\n","protected":false},"excerpt":{"rendered":"[vc_custom_heading text=\"Aviso legal\" font_container=\"tag:h1|text_align:left\" use_theme_fonts=\"yes\"]En cumplimiento de lo establecido en la Ley 34\/2002, de 11 de julio, de Servicios de la Sociedad de la Informaci\u00f3n y Comercio Electr\u00f3nico (LSSICE), a continuaci\u00f3n se indican los datos de informaci\u00f3n general del sitio web https:\/\/www.higuerondreamhomes.com\/. 1. Entidad CRITICAL EXPANSION S.L. CIF: B93129088 Tel\u00e9fono: +34695038286 Direcci\u00f3n: Calle D\u00e1til n\u00ba3,...","protected":false},"author":1,"featured_media":0,"parent":0,"menu_order":0,"comment_status":"closed","ping_status":"open","template":"","meta":{"footnotes":""},"class_list":["post-292","page","type-page","status-publish","hentry"],"yoast_head":"<!-- This site is optimized with the Yoast SEO plugin v27.4 - https:\/\/yoast.com\/product\/yoast-seo-wordpress\/ -->\n<title>Aviso legal - Tu Inversi\u00f3n Inmobiliaria<\/title>\n<meta name=\"robots\" content=\"noindex, nofollow\" \/>\n<meta property=\"og:locale\" content=\"es_ES\" \/>\n<meta property=\"og:type\" content=\"article\" \/>\n<meta property=\"og:title\" content=\"Aviso legal - Tu Inversi\u00f3n Inmobiliaria\" \/>\n<meta property=\"og:url\" content=\"https:\/\/www.higuerondreamhomes.com\/es\/aviso-legal\/\" \/>\n<meta property=\"og:site_name\" content=\"Tu Inversi\u00f3n Inmobiliaria\" \/>\n<meta property=\"article:modified_time\" content=\"2024-06-20T06:48:20+00:00\" \/>\n<meta name=\"twitter:card\" content=\"summary_large_image\" \/>\n<meta name=\"twitter:label1\" content=\"Tiempo de lectura\" \/>\n\t<meta name=\"twitter:data1\" content=\"4 minutos\" \/>\n<script type=\"application\/ld+json\" class=\"yoast-schema-graph\">{\"@context\":\"https:\\\/\\\/schema.org\",\"@graph\":[{\"@type\":\"WebPage\",\"@id\":\"https:\\\/\\\/www.higuerondreamhomes.com\\\/es\\\/aviso-legal\\\/\",\"url\":\"https:\\\/\\\/www.higuerondreamhomes.com\\\/es\\\/aviso-legal\\\/\",\"name\":\"Aviso legal - Tu Inversi\u00f3n Inmobiliaria\",\"isPartOf\":{\"@id\":\"https:\\\/\\\/www.higuerondreamhomes.com\\\/es\\\/#website\"},\"datePublished\":\"2022-09-30T11:44:00+00:00\",\"dateModified\":\"2024-06-20T06:48:20+00:00\",\"breadcrumb\":{\"@id\":\"https:\\\/\\\/www.higuerondreamhomes.com\\\/es\\\/aviso-legal\\\/#breadcrumb\"},\"inLanguage\":\"es\",\"potentialAction\":[{\"@type\":\"ReadAction\",\"target\":[\"https:\\\/\\\/www.higuerondreamhomes.com\\\/es\\\/aviso-legal\\\/\"]}]},{\"@type\":\"BreadcrumbList\",\"@id\":\"https:\\\/\\\/www.higuerondreamhomes.com\\\/es\\\/aviso-legal\\\/#breadcrumb\",\"itemListElement\":[{\"@type\":\"ListItem\",\"position\":1,\"name\":\"Portada\",\"item\":\"https:\\\/\\\/www.higuerondreamhomes.com\\\/es\\\/\"},{\"@type\":\"ListItem\",\"position\":2,\"name\":\"Aviso legal\"}]},{\"@type\":\"WebSite\",\"@id\":\"https:\\\/\\\/www.higuerondreamhomes.com\\\/es\\\/#website\",\"url\":\"https:\\\/\\\/www.higuerondreamhomes.com\\\/es\\\/\",\"name\":\"Tu inversi\u00f3n inmobiliaria\",\"description\":\"Discover this New Luxury Development in Malaga where to Live and Enjoy the Sun. Contact us.\",\"alternateName\":\"Inmobiliaria M\u00e1laga\",\"potentialAction\":[{\"@type\":\"SearchAction\",\"target\":{\"@type\":\"EntryPoint\",\"urlTemplate\":\"https:\\\/\\\/www.higuerondreamhomes.com\\\/es\\\/?s={search_term_string}\"},\"query-input\":{\"@type\":\"PropertyValueSpecification\",\"valueRequired\":true,\"valueName\":\"search_term_string\"}}],\"inLanguage\":\"es\"}]}<\/script>\n<!-- \/ Yoast SEO plugin. -->","yoast_head_json":{"title":"Aviso legal - Tu Inversi\u00f3n Inmobiliaria","robots":{"index":"noindex","follow":"nofollow"},"og_locale":"es_ES","og_type":"article","og_title":"Aviso legal - Tu Inversi\u00f3n Inmobiliaria","og_url":"https:\/\/www.higuerondreamhomes.com\/es\/aviso-legal\/","og_site_name":"Tu Inversi\u00f3n Inmobiliaria","article_modified_time":"2024-06-20T06:48:20+00:00","twitter_card":"summary_large_image","twitter_misc":{"Tiempo de lectura":"4 minutos"},"schema":{"@context":"https:\/\/schema.org","@graph":[{"@type":"WebPage","@id":"https:\/\/www.higuerondreamhomes.com\/es\/aviso-legal\/","url":"https:\/\/www.higuerondreamhomes.com\/es\/aviso-legal\/","name":"Aviso legal - Tu Inversi\u00f3n Inmobiliaria","isPartOf":{"@id":"https:\/\/www.higuerondreamhomes.com\/es\/#website"},"datePublished":"2022-09-30T11:44:00+00:00","dateModified":"2024-06-20T06:48:20+00:00","breadcrumb":{"@id":"https:\/\/www.higuerondreamhomes.com\/es\/aviso-legal\/#breadcrumb"},"inLanguage":"es","potentialAction":[{"@type":"ReadAction","target":["https:\/\/www.higuerondreamhomes.com\/es\/aviso-legal\/"]}]},{"@type":"BreadcrumbList","@id":"https:\/\/www.higuerondreamhomes.com\/es\/aviso-legal\/#breadcrumb","itemListElement":[{"@type":"ListItem","position":1,"name":"Portada","item":"https:\/\/www.higuerondreamhomes.com\/es\/"},{"@type":"ListItem","position":2,"name":"Aviso legal"}]},{"@type":"WebSite","@id":"https:\/\/www.higuerondreamhomes.com\/es\/#website","url":"https:\/\/www.higuerondreamhomes.com\/es\/","name":"Tu inversi\u00f3n inmobiliaria","description":"Discover this New Luxury Development in Malaga where to Live and Enjoy the Sun. Contact us.","alternateName":"Inmobiliaria M\u00e1laga","potentialAction":[{"@type":"SearchAction","target":{"@type":"EntryPoint","urlTemplate":"https:\/\/www.higuerondreamhomes.com\/es\/?s={search_term_string}"},"query-input":{"@type":"PropertyValueSpecification","valueRequired":true,"valueName":"search_term_string"}}],"inLanguage":"es"}]}},"_links":{"self":[{"href":"https:\/\/www.higuerondreamhomes.com\/es\/wp-json\/wp\/v2\/pages\/292","targetHints":{"allow":["GET"]}}],"collection":[{"href":"https:\/\/www.higuerondreamhomes.com\/es\/wp-json\/wp\/v2\/pages"}],"about":[{"href":"https:\/\/www.higuerondreamhomes.com\/es\/wp-json\/wp\/v2\/types\/page"}],"author":[{"embeddable":true,"href":"https:\/\/www.higuerondreamhomes.com\/es\/wp-json\/wp\/v2\/users\/1"}],"replies":[{"embeddable":true,"href":"https:\/\/www.higuerondreamhomes.com\/es\/wp-json\/wp\/v2\/comments?post=292"}],"version-history":[{"count":2,"href":"https:\/\/www.higuerondreamhomes.com\/es\/wp-json\/wp\/v2\/pages\/292\/revisions"}],"predecessor-version":[{"id":294,"href":"https:\/\/www.higuerondreamhomes.com\/es\/wp-json\/wp\/v2\/pages\/292\/revisions\/294"}],"wp:attachment":[{"href":"https:\/\/www.higuerondreamhomes.com\/es\/wp-json\/wp\/v2\/media?parent=292"}],"curies":[{"name":"wp","href":"https:\/\/api.w.org\/{rel}","templated":true}]}}