{"id":289,"date":"2022-09-30T10:24:42","date_gmt":"2022-09-30T08:24:42","guid":{"rendered":"https:\/\/www.higuerondreamhomes.com\/politica-de-privacidad\/"},"modified":"2024-06-20T08:42:43","modified_gmt":"2024-06-20T06:42:43","slug":"politica-de-privacidad","status":"publish","type":"page","link":"https:\/\/www.higuerondreamhomes.com\/es\/politica-de-privacidad\/","title":{"rendered":"Pol\u00edtica de privacidad"},"content":{"rendered":"<section class=\"l-section wpb_row height_medium\"><div class=\"l-section-h i-cf\"><div class=\"g-cols vc_row via_flex valign_top type_default stacking_default\"><div class=\"vc_col-sm-12 wpb_column vc_column_container\"><div class=\"vc_column-inner\"><div class=\"wpb_wrapper\">[vc_custom_heading text=\u00bbPol\u00edtica de privacidad\u00bb font_container=\u00bbtag:h1|text_align:left\u00bb use_theme_fonts=\u00bbyes\u00bb]<div class=\"wpb_text_column\"><div class=\"wpb_wrapper\"><p><strong>Informaci\u00f3n sobre nuestra pol\u00edtica de protecci\u00f3n de datos y nuestra pol\u00edtica de privacidad:<\/strong><\/p>\n<p>CRITICAL EXPANSION S.L. cumple con las obligaciones impuestas en el Reglamento (UE) 2016\/679 del Parlamento Europeo y del Consejo, de 27 de abril de 2016, relativo a la protecci\u00f3n de las personas f\u00edsicas y la Ley Org\u00e1nica 3\/2018, de 5 de diciembre, de Protecci\u00f3n de Datos Personales y garant\u00eda de los derechos digitales, en lo que respecta al tratamiento de datos personales y dem\u00e1s legislaci\u00f3n aplicable, as\u00ed como la normativa vigente en cada momento que resulte de aplicaci\u00f3n, garantizando la observancia de todas las obligaciones y derechos de los afectados en materia de tratamiento de datos personales. Asimismo, en cumplimiento de lo establecido en la Ley 34\/2002, de 11 de julio, de Servicios de la Sociedad de la Informaci\u00f3n y de Comercio Electr\u00f3nico, CRITICAL EXPANSION S.L. solicitar\u00e1 el consentimiento previo del usuario para el env\u00edo de comunicaciones comerciales, en caso de que \u00e9stas se produzcan, observando adem\u00e1s todas las obligaciones y derechos de los usuarios.<\/p>\n<p>En virtud de lo anterior, los usuarios que deseen utilizar los distintos servicios ofrecidos por CRITICAL EXPANSION S.L. ser\u00e1n informados de la informaci\u00f3n correspondiente a la identificaci\u00f3n del responsable del fichero, las finalidades del tratamiento de sus datos, as\u00ed como de la posibilidad de ejercer sus derechos de acceso, rectificaci\u00f3n, cancelaci\u00f3n y oposici\u00f3n ante el responsable del fichero, todo ello mediante la lectura y previa aceptaci\u00f3n de la pol\u00edtica de privacidad de la entidad, quedando debidamente informados.<\/p>\n<h2>1. Controlador de datos<\/h2>\n<p><strong>CRITICAL EXPANSION S.L.<\/strong><br \/>\nCIF: B93129088<br \/>\nTel\u00e9fono: +34695038286<br \/>\nDirecci\u00f3n: Calle D\u00e1til n\u00ba3, 4\u00baA 29631 Arroyo de la Miel &#8211; Benalm\u00e1dena, M\u00e1laga<br \/>\nEmail: administracion@tuinversioninmobiliaria.com<\/p>\n<h2>2. Finalidad del tratamiento de datos<\/h2>\n<p>La finalidad principal del tratamiento de sus datos personales se corresponde con la posibilidad de establecer comunicaciones con usted con el fin de dar respuesta a su solicitud de contacto mediante el formulario habilitado al efecto, o para atender la relaci\u00f3n comercial que nos solicite Sus datos personales ser\u00e1n almacenados para su tratamiento en nuestros sistemas mientras se mantenga la relaci\u00f3n con nuestra empresa.<\/p>\n<p>Adicionalmente, si as\u00ed lo autoriza expresamente, sus datos ser\u00e1n tratados con la finalidad de remitirle por cualquier medio, incluido el electr\u00f3nico, comunicaciones comerciales inform\u00e1ndole sobre los distintos productos y\/o servicios que CRITICAL EXPANSION S.L. ofrece.<\/p>\n<p>Usted podr\u00e1 revocar los consentimientos otorgados a su simple solicitud dirigi\u00e9ndose a CRITICAL EXPANSION S.L. en cualquiera de las direcciones referidas en el punto 1 de esta cl\u00e1usula, en la que se indican los datos de contacto de la entidad.<\/p>\n<h2>3. Legitimaci\u00f3n para el tratamiento de sus datos<\/h2>\n<p>El tratamiento de sus datos para la finalidad principal se legitima en base a la relaci\u00f3n contractual establecida entre las partes, y para la finalidad adicional en el consentimiento prestado por usted a trav\u00e9s de los formularios de contacto destinados al efecto por CRITICAL EXPANSION S.L., para lo cual deber\u00e1 habernos facilitado los datos requeridos en los campos obligatorios, esto es, sus datos identificativos y de contacto, sin los cuales no podremos atender su solicitud.<\/p>\n<p>Al facilitarnos sus datos, usted declara que es el titular de los mismos, que son veraces y que est\u00e1n totalmente actualizados. Los datos recogidos en el formulario son los adecuados, pertinentes y no excesivos en relaci\u00f3n con la finalidad de su tratamiento, seg\u00fan se indica en el punto 2 de esta cl\u00e1usula. Asimismo, CRITICAL EXPANSION S.L. cancelar\u00e1 o rectificar\u00e1 los datos cuando resulten inexactos, incompletos o hayan dejado de ser necesarios o pertinentes para su finalidad.<\/p>\n<p>En virtud de lo anterior, los datos se conservar\u00e1n para su tratamiento en nuestros sistemas mientras se mantenga dicha relaci\u00f3n con la finalidad indicada o por motivos leg\u00edtimos imperiosos, o el ejercicio o la defensa de posibles reclamaciones. Una vez que haya cesado la obligaci\u00f3n de conservaci\u00f3n, sus datos podr\u00e1n ser suprimidos de nuestra base de datos o, en su caso, anonimizados.<\/p>\n<p>El tratamiento de los datos con la finalidad de env\u00edo de boletines electr\u00f3nicos sobre servicios, eventos y noticias relacionadas con nuestra actividad profesional se basa en el inter\u00e9s leg\u00edtimo de CRITICAL EXPANSION S.L. para llevar a cabo dicho tratamiento de acuerdo con la normativa vigente. Sus datos se conservar\u00e1n mientras exista la relaci\u00f3n comercial, su inter\u00e9s y no haya revocaci\u00f3n por su parte.<\/p>\n<h2>4. Destinatarios de sus datos<\/h2>\n<p>Podr\u00e1n producirse cesiones entre las entidades titularidad de CRITICAL EXPANSION S.L. en leg\u00edtimo inter\u00e9s corporativo, para la prestaci\u00f3n de los servicios solicitados. No se transferir\u00e1 ning\u00fan dato a terceros, salvo obligaci\u00f3n legal. No se realizar\u00e1n transferencias internacionales de datos, con la salvedad de que CRITICAL EXPANSION S.L. podr\u00e1 contratar los servicios de proveedores ubicados en terceros pa\u00edses, previo cumplimiento de todos los requisitos establecidos por la normativa de protecci\u00f3n de datos y aplicando las garant\u00edas y salvaguardas necesarias para preservar la privacidad de los datos. Para m\u00e1s informaci\u00f3n sobre las garant\u00edas de privacidad, puede ponerse en contacto con nuestra empresa en las direcciones indicadas en el punto 1.<\/p>\n<h2>5. Derechos de los afectados<\/h2>\n<p>Tras facilitarnos sus datos personales, le informamos de los derechos que puede ejercitar ante CRITICAL EXPANSION S.L. en las direcciones puestas a su disposici\u00f3n en el punto 1 de esta cl\u00e1usula, y que le asisten:<\/p>\n<p>Usted tiene derecho a acceder a todos los datos personales que CRITICAL EXPANSION S.L. posee, as\u00ed como a solicitar la modificaci\u00f3n de los mismos o su supresi\u00f3n.<\/p>\n<p>Puede pedirnos que limitemos el tratamiento de sus datos, en cuyo caso s\u00f3lo los conservaremos para el ejercicio o la defensa de reclamaciones.<\/p>\n<p>Usted podr\u00e1 oponerse al tratamiento de sus datos personales, por lo que CRITICAL EXPANSION S.L. dejar\u00e1 de tratar sus datos, salvo por motivos leg\u00edtimos imperiosos, o el ejercicio o la defensa de posibles reclamaciones.<\/p>\n<p>Puede solicitar la portabilidad de sus datos personales, en cuyo caso le enviaremos los datos personales contenidos en nuestras bases de datos por correo electr\u00f3nico a la direcci\u00f3n que nos facilite en su solicitud, en formato de texto, legible y adaptable a las necesidades de cualquier otro responsable del tratamiento, o bien se los transmitiremos al nuevo responsable del tratamiento en el mismo formato, a la direcci\u00f3n de correo electr\u00f3nico que nos facilite en su solicitud.<\/p>\n<p>Tiene derecho a no ser objeto de una decisi\u00f3n basada \u00fanicamente en el tratamiento automatizado de datos, incluida la elaboraci\u00f3n de perfiles.<\/p>\n<p>Tambi\u00e9n puede retirar o revocar cualquier consentimiento que haya dado expresamente indic\u00e1ndolo en su solicitud.<\/p>\n<p>Los derechos de los afectados podr\u00e1n ejercitarse directamente por el interesado, aportando fotocopia de su DNI o documento equivalente, para acreditar su identidad, o mediante representaci\u00f3n legal o voluntaria, en cuyo caso, adem\u00e1s de fotocopia del DNI o documento equivalente del interesado, deber\u00e1 aportarse el documento aut\u00e9ntico acreditativo de la representaci\u00f3n del tercero junto con fotocopia de su DNI o documento equivalente.<\/p>\n<h2>6. Reclamaciones<\/h2>\n<p>Si considera que el tratamiento de sus datos personales vulnera la normativa o lo dispuesto en esta cl\u00e1usula, puede presentar una reclamaci\u00f3n ante la Agencia Espa\u00f1ola de Protecci\u00f3n de Datos, que es la autoridad de control competente para la protecci\u00f3n de sus datos personales, a trav\u00e9s de su sede electr\u00f3nica o de su direcci\u00f3n postal, que puede consultar en la p\u00e1gina web www.agpd.es.<\/p>\n<p>*** Si no est\u00e1 de acuerdo con las consideraciones detalladas en esta Pol\u00edtica de Privacidad, le rogamos que no utilice el Portal, ya que cualquier uso que haga del mismo o de los servicios y contenidos en \u00e9l incluidos implicar\u00e1 la aceptaci\u00f3n de los t\u00e9rminos legales recogidos en este texto.<\/p>\n<p>El usuario reconoce y acepta las condiciones de uso del Portal y se compromete a utilizarlo de conformidad con las mismas. Asimismo, a hacer un uso adecuado de los servicios y contenidos del Portal y a no emplearlos para realizar actividades delictivas o il\u00edcitas.<\/p>\n<p>CRITICAL EXPANSION S.L. puede utilizar cookies cuando un usuario navega por sus sitios y p\u00e1ginas web. Puede consultar nuestra <a href=\"https:\/\/www.higuerondreamhomes.com\/cookies-policy\/\">Pol\u00edtica de Cookies<\/a>.<\/p>\n<\/div><\/div><\/div><\/div><\/div><\/div><\/div><\/section>\n","protected":false},"excerpt":{"rendered":"[vc_custom_heading text=\"Pol\u00edtica de privacidad\" font_container=\"tag:h1|text_align:left\" use_theme_fonts=\"yes\"]Informaci\u00f3n sobre nuestra pol\u00edtica de protecci\u00f3n de datos y nuestra pol\u00edtica de privacidad: CRITICAL EXPANSION S.L. cumple con las obligaciones impuestas en el Reglamento (UE) 2016\/679 del Parlamento Europeo y del Consejo, de 27 de abril de 2016, relativo a la protecci\u00f3n de las personas f\u00edsicas y la Ley Org\u00e1nica...","protected":false},"author":1,"featured_media":0,"parent":0,"menu_order":0,"comment_status":"closed","ping_status":"open","template":"","meta":{"footnotes":""},"class_list":["post-289","page","type-page","status-publish","hentry"],"yoast_head":"<!-- This site is optimized with the Yoast SEO plugin v27.4 - https:\/\/yoast.com\/product\/yoast-seo-wordpress\/ -->\n<title>Pol\u00edtica de privacidad - Tu Inversi\u00f3n Inmobiliaria<\/title>\n<meta name=\"robots\" content=\"noindex, nofollow\" \/>\n<meta property=\"og:locale\" content=\"es_ES\" \/>\n<meta property=\"og:type\" content=\"article\" \/>\n<meta property=\"og:title\" content=\"Pol\u00edtica de privacidad - Tu Inversi\u00f3n Inmobiliaria\" \/>\n<meta property=\"og:url\" content=\"https:\/\/www.higuerondreamhomes.com\/es\/politica-de-privacidad\/\" \/>\n<meta property=\"og:site_name\" content=\"Tu Inversi\u00f3n Inmobiliaria\" \/>\n<meta property=\"article:modified_time\" content=\"2024-06-20T06:42:43+00:00\" \/>\n<meta name=\"twitter:card\" content=\"summary_large_image\" \/>\n<meta name=\"twitter:label1\" content=\"Tiempo de lectura\" \/>\n\t<meta name=\"twitter:data1\" content=\"7 minutos\" \/>\n<script type=\"application\/ld+json\" class=\"yoast-schema-graph\">{\"@context\":\"https:\\\/\\\/schema.org\",\"@graph\":[{\"@type\":\"WebPage\",\"@id\":\"https:\\\/\\\/www.higuerondreamhomes.com\\\/es\\\/politica-de-privacidad\\\/\",\"url\":\"https:\\\/\\\/www.higuerondreamhomes.com\\\/es\\\/politica-de-privacidad\\\/\",\"name\":\"Pol\u00edtica de privacidad - Tu Inversi\u00f3n Inmobiliaria\",\"isPartOf\":{\"@id\":\"https:\\\/\\\/www.higuerondreamhomes.com\\\/es\\\/#website\"},\"datePublished\":\"2022-09-30T08:24:42+00:00\",\"dateModified\":\"2024-06-20T06:42:43+00:00\",\"breadcrumb\":{\"@id\":\"https:\\\/\\\/www.higuerondreamhomes.com\\\/es\\\/politica-de-privacidad\\\/#breadcrumb\"},\"inLanguage\":\"es\",\"potentialAction\":[{\"@type\":\"ReadAction\",\"target\":[\"https:\\\/\\\/www.higuerondreamhomes.com\\\/es\\\/politica-de-privacidad\\\/\"]}]},{\"@type\":\"BreadcrumbList\",\"@id\":\"https:\\\/\\\/www.higuerondreamhomes.com\\\/es\\\/politica-de-privacidad\\\/#breadcrumb\",\"itemListElement\":[{\"@type\":\"ListItem\",\"position\":1,\"name\":\"Portada\",\"item\":\"https:\\\/\\\/www.higuerondreamhomes.com\\\/es\\\/\"},{\"@type\":\"ListItem\",\"position\":2,\"name\":\"Pol\u00edtica de privacidad\"}]},{\"@type\":\"WebSite\",\"@id\":\"https:\\\/\\\/www.higuerondreamhomes.com\\\/es\\\/#website\",\"url\":\"https:\\\/\\\/www.higuerondreamhomes.com\\\/es\\\/\",\"name\":\"Tu inversi\u00f3n inmobiliaria\",\"description\":\"Discover this New Luxury Development in Malaga where to Live and Enjoy the Sun. Contact us.\",\"alternateName\":\"Inmobiliaria M\u00e1laga\",\"potentialAction\":[{\"@type\":\"SearchAction\",\"target\":{\"@type\":\"EntryPoint\",\"urlTemplate\":\"https:\\\/\\\/www.higuerondreamhomes.com\\\/es\\\/?s={search_term_string}\"},\"query-input\":{\"@type\":\"PropertyValueSpecification\",\"valueRequired\":true,\"valueName\":\"search_term_string\"}}],\"inLanguage\":\"es\"}]}<\/script>\n<!-- \/ Yoast SEO plugin. -->","yoast_head_json":{"title":"Pol\u00edtica de privacidad - Tu Inversi\u00f3n Inmobiliaria","robots":{"index":"noindex","follow":"nofollow"},"og_locale":"es_ES","og_type":"article","og_title":"Pol\u00edtica de privacidad - Tu Inversi\u00f3n Inmobiliaria","og_url":"https:\/\/www.higuerondreamhomes.com\/es\/politica-de-privacidad\/","og_site_name":"Tu Inversi\u00f3n Inmobiliaria","article_modified_time":"2024-06-20T06:42:43+00:00","twitter_card":"summary_large_image","twitter_misc":{"Tiempo de lectura":"7 minutos"},"schema":{"@context":"https:\/\/schema.org","@graph":[{"@type":"WebPage","@id":"https:\/\/www.higuerondreamhomes.com\/es\/politica-de-privacidad\/","url":"https:\/\/www.higuerondreamhomes.com\/es\/politica-de-privacidad\/","name":"Pol\u00edtica de privacidad - Tu Inversi\u00f3n Inmobiliaria","isPartOf":{"@id":"https:\/\/www.higuerondreamhomes.com\/es\/#website"},"datePublished":"2022-09-30T08:24:42+00:00","dateModified":"2024-06-20T06:42:43+00:00","breadcrumb":{"@id":"https:\/\/www.higuerondreamhomes.com\/es\/politica-de-privacidad\/#breadcrumb"},"inLanguage":"es","potentialAction":[{"@type":"ReadAction","target":["https:\/\/www.higuerondreamhomes.com\/es\/politica-de-privacidad\/"]}]},{"@type":"BreadcrumbList","@id":"https:\/\/www.higuerondreamhomes.com\/es\/politica-de-privacidad\/#breadcrumb","itemListElement":[{"@type":"ListItem","position":1,"name":"Portada","item":"https:\/\/www.higuerondreamhomes.com\/es\/"},{"@type":"ListItem","position":2,"name":"Pol\u00edtica de privacidad"}]},{"@type":"WebSite","@id":"https:\/\/www.higuerondreamhomes.com\/es\/#website","url":"https:\/\/www.higuerondreamhomes.com\/es\/","name":"Tu inversi\u00f3n inmobiliaria","description":"Discover this New Luxury Development in Malaga where to Live and Enjoy the Sun. Contact us.","alternateName":"Inmobiliaria M\u00e1laga","potentialAction":[{"@type":"SearchAction","target":{"@type":"EntryPoint","urlTemplate":"https:\/\/www.higuerondreamhomes.com\/es\/?s={search_term_string}"},"query-input":{"@type":"PropertyValueSpecification","valueRequired":true,"valueName":"search_term_string"}}],"inLanguage":"es"}]}},"_links":{"self":[{"href":"https:\/\/www.higuerondreamhomes.com\/es\/wp-json\/wp\/v2\/pages\/289","targetHints":{"allow":["GET"]}}],"collection":[{"href":"https:\/\/www.higuerondreamhomes.com\/es\/wp-json\/wp\/v2\/pages"}],"about":[{"href":"https:\/\/www.higuerondreamhomes.com\/es\/wp-json\/wp\/v2\/types\/page"}],"author":[{"embeddable":true,"href":"https:\/\/www.higuerondreamhomes.com\/es\/wp-json\/wp\/v2\/users\/1"}],"replies":[{"embeddable":true,"href":"https:\/\/www.higuerondreamhomes.com\/es\/wp-json\/wp\/v2\/comments?post=289"}],"version-history":[{"count":2,"href":"https:\/\/www.higuerondreamhomes.com\/es\/wp-json\/wp\/v2\/pages\/289\/revisions"}],"predecessor-version":[{"id":291,"href":"https:\/\/www.higuerondreamhomes.com\/es\/wp-json\/wp\/v2\/pages\/289\/revisions\/291"}],"wp:attachment":[{"href":"https:\/\/www.higuerondreamhomes.com\/es\/wp-json\/wp\/v2\/media?parent=289"}],"curies":[{"name":"wp","href":"https:\/\/api.w.org\/{rel}","templated":true}]}}